{"id":78,"date":"2017-04-26T22:15:47","date_gmt":"2017-04-26T20:15:47","guid":{"rendered":"https:\/\/uir-ri.hr\/?page_id=78"},"modified":"2024-07-04T11:41:14","modified_gmt":"2024-07-04T09:41:14","slug":"izvjesce-o-radu-2015","status":"publish","type":"page","link":"https:\/\/uir-ri.hr\/?page_id=78","title":{"rendered":"Izvje\u0161\u0107e o radu 2023."},"content":{"rendered":"<h1><\/h1>\n<p>Uvodno treba re\u0107i za Izvje\u0161\u0107e o radu Udruge za razdoblje od 01.01.2023. do 31.12.2023. godine je Udruga svoju djelatnost obavljala u skladu s predmetom poslovanja (djelatnosti) utvr\u0111enom u Statutu Udruge. To prakti\u010dno zna\u010di da je sve najave svojih upravlja\u010dkih tijela i cijelog \u010dlanstva Udruge usmjeravala na planu potpore \u010dlanovima Udruge &#8211; invalidima rada u socijalizaciji i rehabilitaciji ispunjavaju\u0107i sve zacrtane aktivnosti.<\/p>\n<p>Udruga broji 552 \u010dlana a po strukturi kako slijedi:<\/p>\n<p>TO 100 % ukupno: 151 od toga: \u017d \u2013 58 M &#8211; 93<br \/>\nTO 90% ukupno: 48 od toga: \u017d- 16 M &#8211; 32<br \/>\nTO 80% ukupno: 203 od toga :\u017d &#8211; 89 M-114<br \/>\nTO 70% ukupno: 51 od toga: \u017d- 20 M-31<br \/>\nTO 60% ukupno: 38 od toga: \u017d -14 M-24<br \/>\nostalo: 61 od toga: \u017d \u2013 28 M- 33<\/p>\n<p>\u010clanovi Skup\u0161tine redovito su informirani o radu udruge te je ostvarena vrlo dobra komunikacija na svim razinama, tako da su \u010dlanovi udruge bili informirani o svim pitanjima, a naro\u010dito o za\u0161titi svojih prava.<\/p>\n<p>Poslovi Udruge su se intenzivirali, jer kako je ve\u0107 re\u010deno, obratili smo pa\u017enju svakom na\u0161em \u010dlanu na na\u010din da smo organizirali razgovore sa svakim na\u0161im \u010dlanom vode\u0107i ra\u010duna o njegovim osobnim potrebama. Svi ovi dodatni napori dali su konkretne rezultate na koje smo ponosni jer smo postigli mnogo ve\u0107u informiranost na\u0161ih \u010dlanova. Logi\u010dno je da je takav na\u010din rada doprinosio ve\u0107oj afirmaciji na\u0161e Udruge u naj\u0161irem \u010dlanstvu, \u0161to se odrazilo na pristup novih \u010dlanova.<\/p>\n<p>Vodili smo ra\u010duna i u tom uspjeli da rad Udruge afirmiramo kroz medije; tako da smo uzeli u\u010de\u0161\u0107e u tisku vezanom uz obavijesti o na\u0161im aktivnostima koje se vode u Gradu Rijeci i Primorsko-goranskoj \u017eupaniji, a sve sa temeljnim ciljem da bi na\u0161i \u010dlanovi dobili obavijesti i u drugim podru\u010djima koje na posredan ili neposredan na\u010din utje\u010du na njihov status, a osobito u cilju za\u0161tite i ostvarenju njihovih prava.<\/p>\n<p>Usmjeravali smo sve na\u0161e napore da u ovim te\u0161kim vremenima u okviru na\u0161ih mogu\u0107nosti pru\u017eimo \u010dlanovima razne vidove pomo\u0107i, kako bi mogli barem donekle pobolj\u0161ati svoj egzistencijalni minimum vode\u0107i ra\u010duna da sve probleme rje\u0161avamo humano po\u0161tuju\u0107i njihovo ljudsko dostojanstvo.<\/p>\n<p>Predlo\u017eeni program \u201e III\u00a0\u017delim, mogu i ho\u0107u &#8211; nema mjesta za samo\u0107u\u201c je od velikog zna\u010daja za Udrugu jer sadr\u017eava smjernice i aktivnosti koje se svode na potporu \u010dlanovima Udruge u socijalizaciji i rehabilitaciji, socijalnoj skrbi i socijalnoj pomo\u0107i te uklju\u010divanje invalida rada u \u017eivot lokalne zajednice i pru\u017eanje volonterski usluga savjetodavnoga karaktera pomo\u0107i i potpora \u010dlanova u spre\u010davanju institucionalizacije, odnosno osna\u017eivanje \u010dlanova Udruge za sprovo\u0111enje neovisnoga \u017eivljenja.\u00a0 \u00a0Naime ve\u0107i dio na\u0161ih \u010dlanova je ve\u0107 do sada detaljno informiran o svim pravima iz podru\u010dja mirovinskog osiguranja i iz zdravstvenog osiguranja i svim drugim pravima koja ostvaruju kao invalidne osobe. Sve u cilju ostvarivanja socijalne pravde i jednakih mogu\u0107nosti svih osoba s invaliditetom. Tako\u0111er organiziranjem dru\u017eenja, predavanja i bro\u0161urom i letkom rje\u0161avamo i dobivamo bolje rezultate u suzbijanju frustracija, uklju\u010divanje u obitelj i dru\u0161tvenu zajednicu. Kona\u010dno sve radimo za unapre\u0111enje kvalitete \u017eivljenja svih na\u0161ih \u010dlanova \u2013 invalida rada. Do sada smo posjetili tridesetak \u010dlanova sa \u0161ireg podru\u010dja Primorsko-goranske \u017eupanije. Na dru\u017eenjima je bilo oko 40 osoba, \u010dlanova Udruge ovisno o lokaciji i mjestu odr\u017eavanja. Korisnici programa su \u010dlanovi invalidi rada sa psihofizi\u010dkim o\u0161te\u0107enjima i njih zovemo izravnim korisnicima, kao i lokalna zajednica, obitelji i poznanici koji nisu ni svjesni koliko dobra \u010dine dru\u017ee\u0107i se s na\u0161im \u010dlanovima kao neizravni korisnici projekta. To su svi \u010dlanovi Udruge sa o\u0161te\u0107enjima od 60 do 100 % tjelesnog invaliditeta kojima je pomo\u0107 potrebna. Rezultati su za njih od presudne va\u017enosti jer uklju\u010divanje invalida rada u \u017eivot lokalne zajednice i pru\u017eanje volonterskih usluga savjetodavnoga karaktera poma\u017ee i daje potporu \u010dlanovima u spre\u010davanju institucionalizacije, odnosno osna\u017euje \u010dlanove Udruge za sprovo\u0111enje neovisnog \u017eivljenja.<\/p>\n<p>Aktivnosti koje smo provodili:<\/p>\n<p>&#8211; Savjetodavna pomo\u0107 u radnom, socijalnom i zdravstvenom zakonodavstvu u kojem se uklju\u010duju pravnici, socijalni radnici, medicinske sestre<br \/>\n&#8211; Obrada i pomo\u0107 \u010dlanovima Udruge kod podno\u0161enja zahtjeva za ocjenu radne sposobnosti, visine tjelesnog o\u0161te\u0107enja i sl. kod nadle\u017enih institucija s kojima redovito sura\u0111ujemo, a u cilju ostvarivanja prava i pogodnosti invalida rada<br \/>\n&#8211; Organizirali izlete, dru\u017eenja, te sudjelovali u aktivnostima srodnih Udruga i organizacija.<\/p>\n<p>U svrhu pomo\u0107i kod realizacije prava i povlastica za invalide ishodovali smo:<br \/>\n&#8211; povlastice kod HT prometa<br \/>\n&#8211; povlastice kod TV pretplate<br \/>\n&#8211; besplatno parkiranje invalida \u2013 znak pristupa\u010dnosti<br \/>\n&#8211; iskaznice za autoput i rje\u0161enja za Autotrolej<br \/>\nSve te poslove kod ishodovanja povlastica obavili smo osobno te iste uru\u010dili na\u0161im korisnicima invalidima ponaosob. Pru\u017eili smo pomo\u0107 i kod organizacije rehabilitacije kao pomo\u0107 osobama s invaliditetom organizacija svakodnevnog kori\u0161tenja bazena \u00abKantrida\u00bb u ljetnim mjesecima uz ostale Udruge (tjelesnih invalida, udruga cerebralnih invalida i dr.) i na\u0161i \u010dlanovi koriste prijevoz do invalidske pla\u017ee. Rije\u0161ili smo besplatno kori\u0161tenje ulaznica za kazali\u0161ne predstave, a tako\u0111er i ostvarili povlastice pri godi\u0161njoj pretplati u Gradskoj Knji\u017enici i kori\u0161tenju interneta za te\u017ee invalide osigurali kori\u0161tenje invalidskoga kombi-vozila Grada Rijeke (Udruga pokre\u0107e i ispunjava zahtjeve i uru\u010duje istim rje\u0161enja po odobrenju Odjela zdravstvene i socijalne skrbi Grada Rijeke)<br \/>\nrije\u0161ili besplatno kori\u0161tenje autobusnog prijevoza za grad Rijeku<br \/>\nObilje\u017eili smo Nacionalni dan invalida rada 21.03.2023. kao i Me\u0111unarodni dan invalida 03.12.2023. \u0161to je ve\u0107 postalo tradicionalno (Otvorena vrata Udruge te podjela letaka i ru\u017ea).<\/p>\n<p>Na koncu smatramo da smo ovim izvje\u0161\u0107em istakli najzna\u010dajnije aktivnosti o radu udruge i da ovo izvje\u0161\u0107e predstavlja podlogu za konstruktivnu raspravu o najzna\u010dajnijim problemima udruge kako bi se dobio poticaj za novi jo\u0161 uspje\u0161niji rad.<\/p>\n<p>Tajnica Udruge je voditelj programa koja se brine o provo\u0111enju istog te sudjeluje u svim aktivnostima kao koordinator, savjetodavac i nadzor izvo\u0111enja programa, ali predsjednik Udruge daje savjetodavne aktivnosti te koordinira sa tijelima lokalne zajednice i krovnim tijelima Udruge. Ugovorni suradnici su pravnici i ekonomisti koji sukladno svom zanimanju sudjeluju u provo\u0111enju projekta.<\/p>\n<p>Uspje\u0161nost programa\u00a0 mjeri se\u00a0 putem redovitih izvje\u0161\u0107a, osobito na planu senzibilizacije javnosti, lokalne zajednice, sponzora i donatora, \u0161to \u0107e imati trajni utjecaj na smanjenje problematike kojim se program bavi.<\/p>\n<p>Godinu smo okon\u010dali uspje\u0161no. Mislimo da smo ostvarili cilj poticanja Udruge, a to je pobolj\u0161anje kvalitete \u017eivljenja na\u0161ih \u010dlanova \u2013 invalida rada kojima je pomo\u0107 kontinuirano potrebna. Za njih i postojimo.<\/p>\n<p>Financijsko izvje\u0161\u0107e u nastavku\u00a0<a href=\"https:\/\/uir-ri.hr\/wp-content\/uploads\/2017\/04\/Financijsko-izvje\u0161\u0107e.pdf\">Financijsko izvje\u0161\u0107e<\/a><\/p>\n","protected":false},"excerpt":{"rendered":"<p>Uvodno treba re\u0107i za Izvje\u0161\u0107e o radu Udruge za razdoblje od 01.01.2023. do 31.12.2023. godine je Udruga svoju djelatnost obavljala u skladu s predmetom poslovanja (djelatnosti) utvr\u0111enom u Statutu Udruge. To prakti\u010dno zna\u010di da&#46;&#46;&#46;<\/p>\n","protected":false},"author":1,"featured_media":0,"parent":0,"menu_order":0,"comment_status":"closed","ping_status":"closed","template":"","meta":{"footnotes":""},"class_list":["post-78","page","type-page","status-publish","hentry"],"yoast_head":"<!-- This site is optimized with the Yoast SEO plugin v25.0 - https:\/\/yoast.com\/wordpress\/plugins\/seo\/ -->\n<title>Izvje\u0161\u0107e o radu 2023. - Udruga invalida rada Rijeka<\/title>\n<meta name=\"robots\" content=\"index, follow, max-snippet:-1, max-image-preview:large, max-video-preview:-1\" \/>\n<link rel=\"canonical\" href=\"https:\/\/uir-ri.hr\/?page_id=78\" \/>\n<meta property=\"og:locale\" content=\"hr_HR\" \/>\n<meta property=\"og:type\" content=\"article\" \/>\n<meta property=\"og:title\" content=\"Izvje\u0161\u0107e o radu 2023. - Udruga invalida rada Rijeka\" \/>\n<meta property=\"og:description\" content=\"Uvodno treba re\u0107i za Izvje\u0161\u0107e o radu Udruge za razdoblje od 01.01.2023. do 31.12.2023. godine je Udruga svoju djelatnost obavljala u skladu s predmetom poslovanja (djelatnosti) utvr\u0111enom u Statutu Udruge. To prakti\u010dno zna\u010di da&#046;&#046;&#046;\" \/>\n<meta property=\"og:url\" content=\"https:\/\/uir-ri.hr\/?page_id=78\" \/>\n<meta property=\"og:site_name\" content=\"Udruga invalida rada Rijeka\" \/>\n<meta property=\"article:modified_time\" content=\"2024-07-04T09:41:14+00:00\" \/>\n<meta name=\"twitter:card\" content=\"summary_large_image\" \/>\n<meta name=\"twitter:label1\" content=\"Procijenjeno vrijeme \u010ditanja\" \/>\n\t<meta name=\"twitter:data1\" content=\"6 minuta\" \/>\n<script type=\"application\/ld+json\" class=\"yoast-schema-graph\">{\"@context\":\"https:\/\/schema.org\",\"@graph\":[{\"@type\":\"WebPage\",\"@id\":\"https:\/\/uir-ri.hr\/?page_id=78\",\"url\":\"https:\/\/uir-ri.hr\/?page_id=78\",\"name\":\"Izvje\u0161\u0107e o radu 2023. - Udruga invalida rada Rijeka\",\"isPartOf\":{\"@id\":\"https:\/\/uir-ri.hr\/#website\"},\"datePublished\":\"2017-04-26T20:15:47+00:00\",\"dateModified\":\"2024-07-04T09:41:14+00:00\",\"breadcrumb\":{\"@id\":\"https:\/\/uir-ri.hr\/?page_id=78#breadcrumb\"},\"inLanguage\":\"hr\",\"potentialAction\":[{\"@type\":\"ReadAction\",\"target\":[\"https:\/\/uir-ri.hr\/?page_id=78\"]}]},{\"@type\":\"BreadcrumbList\",\"@id\":\"https:\/\/uir-ri.hr\/?page_id=78#breadcrumb\",\"itemListElement\":[{\"@type\":\"ListItem\",\"position\":1,\"name\":\"Po\u010detna stranica\",\"item\":\"https:\/\/uir-ri.hr\/\"},{\"@type\":\"ListItem\",\"position\":2,\"name\":\"Izvje\u0161\u0107e o radu 2023.\"}]},{\"@type\":\"WebSite\",\"@id\":\"https:\/\/uir-ri.hr\/#website\",\"url\":\"https:\/\/uir-ri.hr\/\",\"name\":\"Udruga invalida rada Rijeka\",\"description\":\"Slu\u017ebene stranice\",\"publisher\":{\"@id\":\"https:\/\/uir-ri.hr\/#organization\"},\"potentialAction\":[{\"@type\":\"SearchAction\",\"target\":{\"@type\":\"EntryPoint\",\"urlTemplate\":\"https:\/\/uir-ri.hr\/?s={search_term_string}\"},\"query-input\":{\"@type\":\"PropertyValueSpecification\",\"valueRequired\":true,\"valueName\":\"search_term_string\"}}],\"inLanguage\":\"hr\"},{\"@type\":\"Organization\",\"@id\":\"https:\/\/uir-ri.hr\/#organization\",\"name\":\"UDRUGA INVALIDA RADA RIJEKA\",\"url\":\"https:\/\/uir-ri.hr\/\",\"logo\":{\"@type\":\"ImageObject\",\"inLanguage\":\"hr\",\"@id\":\"https:\/\/uir-ri.hr\/#\/schema\/logo\/image\/\",\"url\":\"https:\/\/uir-ri.hr\/wp-content\/uploads\/2017\/04\/n_mi_201653124327.png\",\"contentUrl\":\"https:\/\/uir-ri.hr\/wp-content\/uploads\/2017\/04\/n_mi_201653124327.png\",\"width\":324,\"height\":245,\"caption\":\"UDRUGA INVALIDA RADA RIJEKA\"},\"image\":{\"@id\":\"https:\/\/uir-ri.hr\/#\/schema\/logo\/image\/\"}}]}<\/script>\n<!-- \/ Yoast SEO plugin. -->","yoast_head_json":{"title":"Izvje\u0161\u0107e o radu 2023. - Udruga invalida rada Rijeka","robots":{"index":"index","follow":"follow","max-snippet":"max-snippet:-1","max-image-preview":"max-image-preview:large","max-video-preview":"max-video-preview:-1"},"canonical":"https:\/\/uir-ri.hr\/?page_id=78","og_locale":"hr_HR","og_type":"article","og_title":"Izvje\u0161\u0107e o radu 2023. - Udruga invalida rada Rijeka","og_description":"Uvodno treba re\u0107i za Izvje\u0161\u0107e o radu Udruge za razdoblje od 01.01.2023. do 31.12.2023. godine je Udruga svoju djelatnost obavljala u skladu s predmetom poslovanja (djelatnosti) utvr\u0111enom u Statutu Udruge. To prakti\u010dno zna\u010di da&#46;&#46;&#46;","og_url":"https:\/\/uir-ri.hr\/?page_id=78","og_site_name":"Udruga invalida rada Rijeka","article_modified_time":"2024-07-04T09:41:14+00:00","twitter_card":"summary_large_image","twitter_misc":{"Procijenjeno vrijeme \u010ditanja":"6 minuta"},"schema":{"@context":"https:\/\/schema.org","@graph":[{"@type":"WebPage","@id":"https:\/\/uir-ri.hr\/?page_id=78","url":"https:\/\/uir-ri.hr\/?page_id=78","name":"Izvje\u0161\u0107e o radu 2023. - Udruga invalida rada Rijeka","isPartOf":{"@id":"https:\/\/uir-ri.hr\/#website"},"datePublished":"2017-04-26T20:15:47+00:00","dateModified":"2024-07-04T09:41:14+00:00","breadcrumb":{"@id":"https:\/\/uir-ri.hr\/?page_id=78#breadcrumb"},"inLanguage":"hr","potentialAction":[{"@type":"ReadAction","target":["https:\/\/uir-ri.hr\/?page_id=78"]}]},{"@type":"BreadcrumbList","@id":"https:\/\/uir-ri.hr\/?page_id=78#breadcrumb","itemListElement":[{"@type":"ListItem","position":1,"name":"Po\u010detna stranica","item":"https:\/\/uir-ri.hr\/"},{"@type":"ListItem","position":2,"name":"Izvje\u0161\u0107e o radu 2023."}]},{"@type":"WebSite","@id":"https:\/\/uir-ri.hr\/#website","url":"https:\/\/uir-ri.hr\/","name":"Udruga invalida rada Rijeka","description":"Slu\u017ebene stranice","publisher":{"@id":"https:\/\/uir-ri.hr\/#organization"},"potentialAction":[{"@type":"SearchAction","target":{"@type":"EntryPoint","urlTemplate":"https:\/\/uir-ri.hr\/?s={search_term_string}"},"query-input":{"@type":"PropertyValueSpecification","valueRequired":true,"valueName":"search_term_string"}}],"inLanguage":"hr"},{"@type":"Organization","@id":"https:\/\/uir-ri.hr\/#organization","name":"UDRUGA INVALIDA RADA RIJEKA","url":"https:\/\/uir-ri.hr\/","logo":{"@type":"ImageObject","inLanguage":"hr","@id":"https:\/\/uir-ri.hr\/#\/schema\/logo\/image\/","url":"https:\/\/uir-ri.hr\/wp-content\/uploads\/2017\/04\/n_mi_201653124327.png","contentUrl":"https:\/\/uir-ri.hr\/wp-content\/uploads\/2017\/04\/n_mi_201653124327.png","width":324,"height":245,"caption":"UDRUGA INVALIDA RADA RIJEKA"},"image":{"@id":"https:\/\/uir-ri.hr\/#\/schema\/logo\/image\/"}}]}},"_links":{"self":[{"href":"https:\/\/uir-ri.hr\/index.php?rest_route=\/wp\/v2\/pages\/78","targetHints":{"allow":["GET"]}}],"collection":[{"href":"https:\/\/uir-ri.hr\/index.php?rest_route=\/wp\/v2\/pages"}],"about":[{"href":"https:\/\/uir-ri.hr\/index.php?rest_route=\/wp\/v2\/types\/page"}],"author":[{"embeddable":true,"href":"https:\/\/uir-ri.hr\/index.php?rest_route=\/wp\/v2\/users\/1"}],"replies":[{"embeddable":true,"href":"https:\/\/uir-ri.hr\/index.php?rest_route=%2Fwp%2Fv2%2Fcomments&post=78"}],"version-history":[{"count":20,"href":"https:\/\/uir-ri.hr\/index.php?rest_route=\/wp\/v2\/pages\/78\/revisions"}],"predecessor-version":[{"id":812,"href":"https:\/\/uir-ri.hr\/index.php?rest_route=\/wp\/v2\/pages\/78\/revisions\/812"}],"wp:attachment":[{"href":"https:\/\/uir-ri.hr\/index.php?rest_route=%2Fwp%2Fv2%2Fmedia&parent=78"}],"curies":[{"name":"wp","href":"https:\/\/api.w.org\/{rel}","templated":true}]}}