{"id":89,"date":"2017-04-26T22:33:38","date_gmt":"2017-04-26T22:33:38","guid":{"rendered":"https:\/\/uir-ri.hr\/?page_id=89"},"modified":"2026-02-27T08:44:34","modified_gmt":"2026-02-27T07:44:34","slug":"nasi-programi","status":"publish","type":"page","link":"https:\/\/uir-ri.hr\/?page_id=89","title":{"rendered":"Na\u0161i programi"},"content":{"rendered":"<ul>\n<li>\u201c<em>Osnivanje podru\u017enica u op\u0107inama rije\u010dkog prstena i otocima<\/em>\u201d,<\/li>\n<li>\u201c<em>Unapre\u0111ivanje znanja i vje\u0161tina osoba sa invaliditetom na radu sa PC ra\u010dunalima<\/em>\u201d,<\/li>\n<li>\u201c<em>Suzbijanje frustracije invalida \u2013 anga\u017eiranjem u realizaciji slobodnih aktivnosti<\/em>\u201d,<\/li>\n<li>\u201c<em>Preporod<\/em>\u201c,<\/li>\n<li>\u201c<em>Pru\u017eite nam ruku<\/em>\u201c,<\/li>\n<li>\u201c<em>Pomognite potrebitima\u201c, <\/em><\/li>\n<li><em>&#8221;Humano\u0161\u0107u do lak\u0161e i ljep\u0161e budu\u0107nosti&#8221;, <\/em><\/li>\n<li><em>&#8220;Podr\u0161kom do dru\u0161tvene integracije&#8221;,<\/em><\/li>\n<li>\u201c<em>Razvoj mre\u017ee volontera u prevenciji institucionalizacije<\/em>\u201c<\/li>\n<li>&#8220;<em>Pru\u017eimo ruku pomo\u0107i za bolju budu\u0107nost invalida rada<\/em>&#8220;,<\/li>\n<li><em>&#8220;Osna\u017eivanje invalida rada za lak\u0161u i sretniju svakodnevicu&#8221;,<\/em><\/li>\n<li><em>&#8220;Dnevna aktivnost za sretnu starost&#8221;,<\/em><\/li>\n<li><em>&#8220;Pru\u017eanje pomo\u0107i u ku\u0107i za starije i nemo\u0107ne&#8221;<\/em><\/li>\n<li><em>&#8220;Podizanje svijesti u Primorskoj-goranskoj \u017eupaniji o invalidima rada&#8221;<\/em><\/li>\n<li><em>&#8220;\u017delim, mogu i ho\u0107u- nema mjesta za samo\u0107u&#8221;.<\/em><\/li>\n<\/ul>\n","protected":false},"excerpt":{"rendered":"<p>\u201cOsnivanje podru\u017enica u op\u0107inama rije\u010dkog prstena i otocima\u201d, \u201cUnapre\u0111ivanje znanja i vje\u0161tina osoba sa invaliditetom na radu sa PC ra\u010dunalima\u201d, \u201cSuzbijanje frustracije invalida \u2013 anga\u017eiranjem u realizaciji slobodnih aktivnosti\u201d, \u201cPreporod\u201c, \u201cPru\u017eite nam ruku\u201c, \u201cPomognite&#46;&#46;&#46;<\/p>\n","protected":false},"author":1,"featured_media":0,"parent":0,"menu_order":0,"comment_status":"closed","ping_status":"closed","template":"","meta":{"footnotes":""},"class_list":["post-89","page","type-page","status-publish","hentry"],"yoast_head":"<!-- This site is optimized with the Yoast SEO plugin v25.0 - https:\/\/yoast.com\/wordpress\/plugins\/seo\/ -->\n<title>Na\u0161i programi - Udruga invalida rada Rijeka<\/title>\n<meta name=\"robots\" content=\"index, follow, max-snippet:-1, max-image-preview:large, max-video-preview:-1\" \/>\n<link rel=\"canonical\" href=\"https:\/\/uir-ri.hr\/?page_id=89\" \/>\n<meta property=\"og:locale\" content=\"hr_HR\" \/>\n<meta property=\"og:type\" content=\"article\" \/>\n<meta property=\"og:title\" content=\"Na\u0161i programi - Udruga invalida rada Rijeka\" \/>\n<meta property=\"og:description\" content=\"\u201cOsnivanje podru\u017enica u op\u0107inama rije\u010dkog prstena i otocima\u201d, \u201cUnapre\u0111ivanje znanja i vje\u0161tina osoba sa invaliditetom na radu sa PC ra\u010dunalima\u201d, \u201cSuzbijanje frustracije invalida \u2013 anga\u017eiranjem u realizaciji slobodnih aktivnosti\u201d, \u201cPreporod\u201c, \u201cPru\u017eite nam ruku\u201c, \u201cPomognite&#046;&#046;&#046;\" \/>\n<meta property=\"og:url\" content=\"https:\/\/uir-ri.hr\/?page_id=89\" \/>\n<meta property=\"og:site_name\" content=\"Udruga invalida rada Rijeka\" \/>\n<meta property=\"article:modified_time\" content=\"2026-02-27T07:44:34+00:00\" \/>\n<meta name=\"twitter:card\" content=\"summary_large_image\" \/>\n<meta name=\"twitter:label1\" content=\"Procijenjeno vrijeme \u010ditanja\" \/>\n\t<meta name=\"twitter:data1\" content=\"1 minuta\" \/>\n<script type=\"application\/ld+json\" class=\"yoast-schema-graph\">{\"@context\":\"https:\/\/schema.org\",\"@graph\":[{\"@type\":\"WebPage\",\"@id\":\"https:\/\/uir-ri.hr\/?page_id=89\",\"url\":\"https:\/\/uir-ri.hr\/?page_id=89\",\"name\":\"Na\u0161i programi - Udruga invalida rada Rijeka\",\"isPartOf\":{\"@id\":\"https:\/\/uir-ri.hr\/#website\"},\"datePublished\":\"2017-04-26T22:33:38+00:00\",\"dateModified\":\"2026-02-27T07:44:34+00:00\",\"breadcrumb\":{\"@id\":\"https:\/\/uir-ri.hr\/?page_id=89#breadcrumb\"},\"inLanguage\":\"hr\",\"potentialAction\":[{\"@type\":\"ReadAction\",\"target\":[\"https:\/\/uir-ri.hr\/?page_id=89\"]}]},{\"@type\":\"BreadcrumbList\",\"@id\":\"https:\/\/uir-ri.hr\/?page_id=89#breadcrumb\",\"itemListElement\":[{\"@type\":\"ListItem\",\"position\":1,\"name\":\"Po\u010detna stranica\",\"item\":\"https:\/\/uir-ri.hr\/\"},{\"@type\":\"ListItem\",\"position\":2,\"name\":\"Na\u0161i programi\"}]},{\"@type\":\"WebSite\",\"@id\":\"https:\/\/uir-ri.hr\/#website\",\"url\":\"https:\/\/uir-ri.hr\/\",\"name\":\"Udruga invalida rada Rijeka\",\"description\":\"Slu\u017ebene stranice\",\"publisher\":{\"@id\":\"https:\/\/uir-ri.hr\/#organization\"},\"potentialAction\":[{\"@type\":\"SearchAction\",\"target\":{\"@type\":\"EntryPoint\",\"urlTemplate\":\"https:\/\/uir-ri.hr\/?s={search_term_string}\"},\"query-input\":{\"@type\":\"PropertyValueSpecification\",\"valueRequired\":true,\"valueName\":\"search_term_string\"}}],\"inLanguage\":\"hr\"},{\"@type\":\"Organization\",\"@id\":\"https:\/\/uir-ri.hr\/#organization\",\"name\":\"UDRUGA INVALIDA RADA RIJEKA\",\"url\":\"https:\/\/uir-ri.hr\/\",\"logo\":{\"@type\":\"ImageObject\",\"inLanguage\":\"hr\",\"@id\":\"https:\/\/uir-ri.hr\/#\/schema\/logo\/image\/\",\"url\":\"https:\/\/uir-ri.hr\/wp-content\/uploads\/2017\/04\/n_mi_201653124327.png\",\"contentUrl\":\"https:\/\/uir-ri.hr\/wp-content\/uploads\/2017\/04\/n_mi_201653124327.png\",\"width\":324,\"height\":245,\"caption\":\"UDRUGA INVALIDA RADA RIJEKA\"},\"image\":{\"@id\":\"https:\/\/uir-ri.hr\/#\/schema\/logo\/image\/\"}}]}<\/script>\n<!-- \/ Yoast SEO plugin. -->","yoast_head_json":{"title":"Na\u0161i programi - Udruga invalida rada Rijeka","robots":{"index":"index","follow":"follow","max-snippet":"max-snippet:-1","max-image-preview":"max-image-preview:large","max-video-preview":"max-video-preview:-1"},"canonical":"https:\/\/uir-ri.hr\/?page_id=89","og_locale":"hr_HR","og_type":"article","og_title":"Na\u0161i programi - Udruga invalida rada Rijeka","og_description":"\u201cOsnivanje podru\u017enica u op\u0107inama rije\u010dkog prstena i otocima\u201d, \u201cUnapre\u0111ivanje znanja i vje\u0161tina osoba sa invaliditetom na radu sa PC ra\u010dunalima\u201d, \u201cSuzbijanje frustracije invalida \u2013 anga\u017eiranjem u realizaciji slobodnih aktivnosti\u201d, \u201cPreporod\u201c, \u201cPru\u017eite nam ruku\u201c, \u201cPomognite&#46;&#46;&#46;","og_url":"https:\/\/uir-ri.hr\/?page_id=89","og_site_name":"Udruga invalida rada Rijeka","article_modified_time":"2026-02-27T07:44:34+00:00","twitter_card":"summary_large_image","twitter_misc":{"Procijenjeno vrijeme \u010ditanja":"1 minuta"},"schema":{"@context":"https:\/\/schema.org","@graph":[{"@type":"WebPage","@id":"https:\/\/uir-ri.hr\/?page_id=89","url":"https:\/\/uir-ri.hr\/?page_id=89","name":"Na\u0161i programi - Udruga invalida rada Rijeka","isPartOf":{"@id":"https:\/\/uir-ri.hr\/#website"},"datePublished":"2017-04-26T22:33:38+00:00","dateModified":"2026-02-27T07:44:34+00:00","breadcrumb":{"@id":"https:\/\/uir-ri.hr\/?page_id=89#breadcrumb"},"inLanguage":"hr","potentialAction":[{"@type":"ReadAction","target":["https:\/\/uir-ri.hr\/?page_id=89"]}]},{"@type":"BreadcrumbList","@id":"https:\/\/uir-ri.hr\/?page_id=89#breadcrumb","itemListElement":[{"@type":"ListItem","position":1,"name":"Po\u010detna stranica","item":"https:\/\/uir-ri.hr\/"},{"@type":"ListItem","position":2,"name":"Na\u0161i programi"}]},{"@type":"WebSite","@id":"https:\/\/uir-ri.hr\/#website","url":"https:\/\/uir-ri.hr\/","name":"Udruga invalida rada Rijeka","description":"Slu\u017ebene stranice","publisher":{"@id":"https:\/\/uir-ri.hr\/#organization"},"potentialAction":[{"@type":"SearchAction","target":{"@type":"EntryPoint","urlTemplate":"https:\/\/uir-ri.hr\/?s={search_term_string}"},"query-input":{"@type":"PropertyValueSpecification","valueRequired":true,"valueName":"search_term_string"}}],"inLanguage":"hr"},{"@type":"Organization","@id":"https:\/\/uir-ri.hr\/#organization","name":"UDRUGA INVALIDA RADA RIJEKA","url":"https:\/\/uir-ri.hr\/","logo":{"@type":"ImageObject","inLanguage":"hr","@id":"https:\/\/uir-ri.hr\/#\/schema\/logo\/image\/","url":"https:\/\/uir-ri.hr\/wp-content\/uploads\/2017\/04\/n_mi_201653124327.png","contentUrl":"https:\/\/uir-ri.hr\/wp-content\/uploads\/2017\/04\/n_mi_201653124327.png","width":324,"height":245,"caption":"UDRUGA INVALIDA RADA RIJEKA"},"image":{"@id":"https:\/\/uir-ri.hr\/#\/schema\/logo\/image\/"}}]}},"_links":{"self":[{"href":"https:\/\/uir-ri.hr\/index.php?rest_route=\/wp\/v2\/pages\/89","targetHints":{"allow":["GET"]}}],"collection":[{"href":"https:\/\/uir-ri.hr\/index.php?rest_route=\/wp\/v2\/pages"}],"about":[{"href":"https:\/\/uir-ri.hr\/index.php?rest_route=\/wp\/v2\/types\/page"}],"author":[{"embeddable":true,"href":"https:\/\/uir-ri.hr\/index.php?rest_route=\/wp\/v2\/users\/1"}],"replies":[{"embeddable":true,"href":"https:\/\/uir-ri.hr\/index.php?rest_route=%2Fwp%2Fv2%2Fcomments&post=89"}],"version-history":[{"count":4,"href":"https:\/\/uir-ri.hr\/index.php?rest_route=\/wp\/v2\/pages\/89\/revisions"}],"predecessor-version":[{"id":1515,"href":"https:\/\/uir-ri.hr\/index.php?rest_route=\/wp\/v2\/pages\/89\/revisions\/1515"}],"wp:attachment":[{"href":"https:\/\/uir-ri.hr\/index.php?rest_route=%2Fwp%2Fv2%2Fmedia&parent=89"}],"curies":[{"name":"wp","href":"https:\/\/api.w.org\/{rel}","templated":true}]}}